{"id":11354,"date":"2023-01-06T13:17:47","date_gmt":"2023-01-06T12:17:47","guid":{"rendered":"https:\/\/myinstoreradio.com\/return\/"},"modified":"2026-03-25T12:12:37","modified_gmt":"2026-03-25T11:12:37","slug":"retour","status":"publish","type":"page","link":"https:\/\/myinstoreradio.com\/fr\/retour\/","title":{"rendered":"Retour"},"content":{"rendered":"<p><div class=\"fusion-fullwidth fullwidth-box fusion-builder-row-1 fusion-flex-container has-pattern-background has-mask-background nonhundred-percent-fullwidth non-hundred-percent-height-scrolling\" style=\"--awb-border-radius-top-left:0px;--awb-border-radius-top-right:0px;--awb-border-radius-bottom-right:0px;--awb-border-radius-bottom-left:0px;--awb-padding-top:4%;--awb-padding-bottom:4%;--awb-padding-top-medium:40px;--awb-padding-right-medium:20px;--awb-padding-left-medium:20px;--awb-padding-top-small:24px;--awb-background-color:var(--awb-color5);--awb-background-image:radial-gradient(circle at left top, #bb00ff 0%,var(--awb-color5) 75%);--awb-flex-wrap:wrap;\" ><div class=\"awb-background-pattern\" style=\"background-image:  url();opacity: 1 ;mix-blend-mode:normal;\"><\/div><div class=\"awb-background-mask\" style=\"background-image:  url(data:image\/svg+xml;utf8,%3Csvg%20width%3D%221920%22%20height%3D%22954%22%20fill%3D%22none%22%20xmlns%3D%22http%3A%2F%2Fwww.w3.org%2F2000%2Fsvg%22%3E%3Cg%20clip-path%3D%22url%28%23prefix__clip0_75_23031%29%22%20fill%3D%22rgba%28248%2C204%2C35%2C1%29%22%3E%3Cpath%20d%3D%22M1321.57%20538C1357.08%20287.516%201273.7%2089.91%201127-.418L1374.18-6c65.77%20100.68-15.89%20431.512-52.61%20544zM312%20955c432.242%200%20746.77-180.667%20850-271-90.34%20157.09-176.766%20246.121-208.688%20271H312z%22%20fill%3D%22rgba%28248%2C204%2C35%2C1%29%22%20fill-opacity%3D%22.25%22%2F%3E%3Cpath%20d%3D%22M1344.5%20427c0-252.4-212.67-390.833-319-428.5H1373c70%2082.4%2010.17%20320-28.5%20428.5z%22%20fill%3D%22rgba%28248%2C204%2C35%2C1%29%22%20fill-opacity%3D%22.1%22%2F%3E%3Cpath%20fill-rule%3D%22evenodd%22%20clip-rule%3D%22evenodd%22%20d%3D%22M839.644%20954C1138.37%20793.549%201337%20508.902%201337%20184.5c0-63.218-7.54-124.926-21.9-184.5H1920v954H839.644zm0%200C676.842%201041.44%20484.311%201092%20278%201092c-584.87%200-1059-406.302-1059-907.5S-306.87-723%20278-723c511.098%200%20937.63%20310.269%201037.1%20723H0v954h839.644z%22%20fill%3D%22rgba%28248%2C204%2C35%2C1%29%22%20fill-opacity%3D%22.5%22%2F%3E%3Cpath%20fill-rule%3D%22evenodd%22%20clip-rule%3D%22evenodd%22%20d%3D%22M1011.55%20954C1221.42%20793.95%201353%20564.007%201353%20308.5c0-108.584-23.76-212.552-67.2-308.5H1920v954h-908.45zm0%200c-187.291%20142.83-436.933%20230-711.05%20230C-280.78%201184-752%20792.025-752%20308.5S-280.78-567%20300.5-567c450.743%200%20835.31%20235.692%20985.3%20567H0v954h1011.55z%22%2F%3E%3C%2Fg%3E%3Cdefs%3E%3CclipPath%20id%3D%22prefix__clip0_75_23031%22%3E%3Cpath%20fill%3D%22%23fff%22%20d%3D%22M0%200h1920v954H0z%22%2F%3E%3C%2FclipPath%3E%3C%2Fdefs%3E%3C%2Fsvg%3E);opacity: 0.5 ;transform: scale(1, 1);mix-blend-mode:normal;\"><\/div><div class=\"fusion-builder-row fusion-row fusion-flex-align-items-flex-start fusion-flex-content-wrap\" style=\"max-width:1372.8px;margin-left: calc(-4% \/ 2 );margin-right: calc(-4% \/ 2 );\"><div class=\"fusion-layout-column fusion_builder_column fusion-builder-column-0 fusion_builder_column_1_2 1_2 fusion-flex-column\" style=\"--awb-bg-size:cover;--awb-width-large:50%;--awb-margin-top-large:20px;--awb-spacing-right-large:0%;--awb-margin-bottom-large:20px;--awb-spacing-left-large:3.84%;--awb-width-medium:100%;--awb-order-medium:0;--awb-margin-top-medium:0px;--awb-spacing-right-medium:7.68%;--awb-spacing-left-medium:7.68%;--awb-width-small:100%;--awb-order-small:0;--awb-margin-top-small:0px;--awb-spacing-right-small:1.92%;--awb-spacing-left-small:1.92%;\"><div class=\"fusion-column-wrapper fusion-column-has-shadow fusion-flex-justify-content-flex-start fusion-content-layout-column\"><div class=\"fusion-title title fusion-title-1 fusion-sep-none fusion-title-text fusion-title-size-one\" style=\"--awb-text-color:var(--awb-color1);--awb-margin-top-small:8px;--awb-margin-bottom-small:16px;--awb-margin-bottom-medium:16px;\"><h1 class=\"fusion-title-heading title-heading-left md-text-align-center sm-text-align-center fusion-responsive-typography-calculated\" style=\"font-family:&quot;Calibri Bold&quot;;font-style:normal;font-weight:400;margin:0;text-transform:uppercase;--fontSize:66;line-height:var(--awb-typography1-line-height);\">Comment retourner le MIR Media Player<\/h1><\/div><\/div><\/div><\/div><\/div><div class=\"fusion-fullwidth fullwidth-box fusion-builder-row-2 fusion-flex-container has-pattern-background has-mask-background nonhundred-percent-fullwidth non-hundred-percent-height-scrolling\" style=\"--awb-border-radius-top-left:0px;--awb-border-radius-top-right:0px;--awb-border-radius-bottom-right:0px;--awb-border-radius-bottom-left:0px;--awb-padding-top:40px;--awb-padding-bottom:60px;--awb-padding-top-medium:30px;--awb-padding-top-small:40px;--awb-padding-bottom-small:40px;--awb-flex-wrap:wrap;\" ><div class=\"fusion-builder-row fusion-row fusion-flex-align-items-center fusion-flex-content-wrap\" style=\"max-width:1372.8px;margin-left: calc(-4% \/ 2 );margin-right: calc(-4% \/ 2 );\"><div class=\"fusion-layout-column fusion_builder_column fusion-builder-column-1 fusion_builder_column_1_1 1_1 fusion-flex-column\" style=\"--awb-bg-size:cover;--awb-width-large:100%;--awb-margin-top-large:20px;--awb-spacing-right-large:1.92%;--awb-margin-bottom-large:20px;--awb-spacing-left-large:1.92%;--awb-width-medium:100%;--awb-order-medium:0;--awb-spacing-right-medium:1.92%;--awb-spacing-left-medium:1.92%;--awb-width-small:100%;--awb-order-small:0;--awb-spacing-right-small:1.92%;--awb-spacing-left-small:1.92%;\"><div class=\"fusion-column-wrapper fusion-column-has-shadow fusion-flex-justify-content-flex-start fusion-content-layout-column\"><div class=\"fusion-text fusion-text-1\"><p>Le MIR Media Player est la propri\u00e9t\u00e9 de My Instore Radio et doit \u00eatre retourn\u00e9 en bon \u00e9tat en cas de remplacement ou si l\u2019abonnement n\u2019est pas renouvel\u00e9. Les MIR Media Players doivent \u00eatre retourn\u00e9s dans les 14 jours suivant le remplacement ou la fin de l\u2019Accord de Service. Les MIR Media Players non retourn\u00e9s seront factur\u00e9s conform\u00e9ment \u00e0 nos <a href=\"https:\/\/myinstoreradio.com\/terms-of-use\/\">Terms of Use<\/a>.<\/p>\n<\/div><div class=\"fusion-text fusion-text-2\"><h5>Veuillez retourner le MIR Media Player et l\u2019alimentation \u00e0 l\u2019une des adresses suivantes :<\/h5>\n<\/div><\/div><\/div><div class=\"fusion-layout-column fusion_builder_column fusion-builder-column-2 fusion_builder_column_1_3 1_3 fusion-flex-column fusion-flex-align-self-flex-start\" style=\"--awb-bg-size:cover;--awb-width-large:33.333333333333%;--awb-margin-top-large:20px;--awb-spacing-right-large:5.76%;--awb-margin-bottom-large:20px;--awb-spacing-left-large:5.76%;--awb-width-medium:33.333333333333%;--awb-order-medium:0;--awb-spacing-right-medium:5.76%;--awb-spacing-left-medium:5.76%;--awb-width-small:100%;--awb-order-small:0;--awb-spacing-right-small:1.92%;--awb-spacing-left-small:1.92%;\"><div class=\"fusion-column-wrapper fusion-column-has-shadow fusion-flex-justify-content-flex-start fusion-content-layout-column\"><div class=\"fusion-text fusion-text-3\"><h5>Am\u00e9riques :<\/h5>\n<p>My Instore Radio<br \/>\nc\/o In-Store Radio LLC<br \/>\nAttention: RETURNS\/REPAIRS<br \/>\n385 South Lemon Ave, #E310<br \/>\nWalnut, CA 91789<br \/>\nUnited States of America<\/p>\n<p>Phone: +1 (646) 968-0339<\/p>\n<\/div><\/div><\/div><div class=\"fusion-layout-column fusion_builder_column fusion-builder-column-3 fusion_builder_column_1_3 1_3 fusion-flex-column fusion-flex-align-self-flex-start\" style=\"--awb-bg-size:cover;--awb-width-large:33.333333333333%;--awb-margin-top-large:20px;--awb-spacing-right-large:5.76%;--awb-margin-bottom-large:20px;--awb-spacing-left-large:5.76%;--awb-width-medium:33.333333333333%;--awb-order-medium:0;--awb-spacing-right-medium:5.76%;--awb-spacing-left-medium:5.76%;--awb-width-small:100%;--awb-order-small:0;--awb-spacing-right-small:1.92%;--awb-spacing-left-small:1.92%;\"><div class=\"fusion-column-wrapper fusion-column-has-shadow fusion-flex-justify-content-flex-start fusion-content-layout-column\"><div class=\"fusion-text fusion-text-4\"><h5>Europe, Moyen-Orient et Afrique :<\/h5>\n<p>My Instore Radio<br \/>\nAttention: RETURNS\/REPAIRS<br \/>\nMontanavej 10<br \/>\n7190 Billund<br \/>\nDenmark<\/p>\n<p>Phone: +45 70 229 221<\/p>\n<\/div><\/div><\/div><div class=\"fusion-layout-column fusion_builder_column fusion-builder-column-4 fusion_builder_column_1_3 1_3 fusion-flex-column fusion-flex-align-self-flex-start\" style=\"--awb-bg-size:cover;--awb-width-large:33.333333333333%;--awb-margin-top-large:20px;--awb-spacing-right-large:5.76%;--awb-margin-bottom-large:20px;--awb-spacing-left-large:5.76%;--awb-width-medium:33.333333333333%;--awb-order-medium:0;--awb-spacing-right-medium:5.76%;--awb-spacing-left-medium:5.76%;--awb-width-small:100%;--awb-order-small:0;--awb-spacing-right-small:1.92%;--awb-spacing-left-small:1.92%;\"><div class=\"fusion-column-wrapper fusion-column-has-shadow fusion-flex-justify-content-flex-start fusion-content-layout-column\"><div class=\"fusion-text fusion-text-5\"><h5>Asie-Pacifique :<\/h5>\n<p>My Instore Radio<br \/>\nAttention: RETURNS\/REPAIRS<br \/>\nP.O. Box 166<br \/>\nWallsend, NSW 2287<br \/>\nAustralia<\/p>\n<p>Phone: +61 2 9098 0424<\/p>\n<\/div><\/div><\/div><div class=\"fusion-layout-column fusion_builder_column fusion-builder-column-5 fusion_builder_column_1_1 1_1 fusion-flex-column\" style=\"--awb-bg-size:cover;--awb-width-large:100%;--awb-margin-top-large:20px;--awb-spacing-right-large:1.92%;--awb-margin-bottom-large:20px;--awb-spacing-left-large:1.92%;--awb-width-medium:100%;--awb-order-medium:0;--awb-spacing-right-medium:1.92%;--awb-spacing-left-medium:1.92%;--awb-width-small:100%;--awb-order-small:0;--awb-spacing-right-small:1.92%;--awb-spacing-left-small:1.92%;\"><div class=\"fusion-column-wrapper fusion-column-has-shadow fusion-flex-justify-content-flex-start fusion-content-layout-column\"><div class=\"fusion-separator fusion-full-width-sep\" style=\"align-self: center;margin-left: auto;margin-right: auto;width:100%;\"><div class=\"fusion-separator-border sep-single sep-solid\" style=\"--awb-height:20px;--awb-amount:20px;--awb-sep-color:var(--awb-color5);border-color:var(--awb-color5);border-top-width:2px;\"><\/div><\/div><\/div><\/div><div class=\"fusion-layout-column fusion_builder_column fusion-builder-column-6 fusion_builder_column_1_2 1_2 fusion-flex-column fusion-flex-align-self-flex-start\" style=\"--awb-bg-size:cover;--awb-width-large:50%;--awb-margin-top-large:20px;--awb-spacing-right-large:3.84%;--awb-margin-bottom-large:20px;--awb-spacing-left-large:3.84%;--awb-width-medium:50%;--awb-order-medium:0;--awb-spacing-right-medium:3.84%;--awb-spacing-left-medium:3.84%;--awb-width-small:100%;--awb-order-small:0;--awb-spacing-right-small:1.92%;--awb-spacing-left-small:1.92%;\"><div class=\"fusion-column-wrapper fusion-column-has-shadow fusion-flex-justify-content-flex-start fusion-content-layout-column\"><div class=\"fusion-text fusion-text-6\"><h5>\u00c9tape 1 :<\/h5>\n<p>Inclure dans le colis :<\/p>\n<h5>MIR Media Player + alimentation<\/h5>\n<\/div><div class=\"fusion-image-element \" style=\"--awb-caption-title-font-family:var(--h2_typography-font-family);--awb-caption-title-font-weight:var(--h2_typography-font-weight);--awb-caption-title-font-style:var(--h2_typography-font-style);--awb-caption-title-size:var(--h2_typography-font-size);--awb-caption-title-transform:var(--h2_typography-text-transform);--awb-caption-title-line-height:var(--h2_typography-line-height);--awb-caption-title-letter-spacing:var(--h2_typography-letter-spacing);\"><span class=\" fusion-imageframe imageframe-none imageframe-1 hover-type-none\" style=\"border-radius:8px;\"><img decoding=\"async\" width=\"631\" height=\"264\" title=\"MIR-Media-Player-Return\" src=\"https:\/\/myinstoreradio.com\/wp-content\/uploads\/MIR-Media-Player-Return.png\" data-orig-src=\"https:\/\/myinstoreradio.com\/wp-content\/uploads\/MIR-Media-Player-Return.png\" alt class=\"lazyload img-responsive wp-image-15731\" srcset=\"data:image\/svg+xml,%3Csvg%20xmlns%3D%27http%3A%2F%2Fwww.w3.org%2F2000%2Fsvg%27%20width%3D%27631%27%20height%3D%27264%27%20viewBox%3D%270%200%20631%20264%27%3E%3Crect%20width%3D%27631%27%20height%3D%27264%27%20fill-opacity%3D%220%22%2F%3E%3C%2Fsvg%3E\" data-srcset=\"https:\/\/myinstoreradio.com\/wp-content\/uploads\/MIR-Media-Player-Return-200x84.png 200w, https:\/\/myinstoreradio.com\/wp-content\/uploads\/MIR-Media-Player-Return-400x167.png 400w, https:\/\/myinstoreradio.com\/wp-content\/uploads\/MIR-Media-Player-Return-600x251.png 600w, https:\/\/myinstoreradio.com\/wp-content\/uploads\/MIR-Media-Player-Return.png 631w\" data-sizes=\"auto\" data-orig-sizes=\"(max-width: 640px) 100vw, 631px\" \/><\/span><\/div><\/div><\/div><div class=\"fusion-layout-column fusion_builder_column fusion-builder-column-7 fusion_builder_column_1_2 1_2 fusion-flex-column fusion-flex-align-self-flex-start\" style=\"--awb-bg-size:cover;--awb-width-large:50%;--awb-margin-top-large:20px;--awb-spacing-right-large:3.84%;--awb-margin-bottom-large:20px;--awb-spacing-left-large:3.84%;--awb-width-medium:50%;--awb-order-medium:0;--awb-spacing-right-medium:3.84%;--awb-spacing-left-medium:3.84%;--awb-width-small:100%;--awb-order-small:0;--awb-spacing-right-small:1.92%;--awb-spacing-left-small:1.92%;\"><div class=\"fusion-column-wrapper fusion-column-has-shadow fusion-flex-justify-content-flex-start fusion-content-layout-column\"><div class=\"fusion-text fusion-text-7\"><h5>\u00c9tape 2 :<\/h5>\n<p>Indiquer sur l\u2019\u00e9tiquette :<\/p>\n<h5>RETURN \/ REPAIR<\/h5>\n<p>Si vous retournez le MIR Media Player depuis un pays \u00e9tranger et que \u201cRETURN \/ REPAIR\u201d n\u2019est pas mentionn\u00e9 sur l\u2019\u00e9tiquette, le MIR Media Player risque d\u2019\u00eatre retenu en douane. My Instore Radio n\u2019est pas responsable des retards ou des frais suppl\u00e9mentaires li\u00e9s \u00e0 cela.<br \/>\nSi vous devez indiquer une valeur commerciale pour le MIR Media Player \u00e0 des fins douani\u00e8res, veuillez \u00e9crire : USD 100, EUR 80 ou AUD 150 par appareil.<\/p>\n<p>Nous recommandons d\u2019utiliser une soci\u00e9t\u00e9 d\u2019exp\u00e9dition telle que UPS, DHL, TNT, GLS ou \u00e9quivalente. Ces soci\u00e9t\u00e9s ne facturent g\u00e9n\u00e9ralement pas de frais de gestion suppl\u00e9mentaires. Tous les co\u00fbts, y compris les frais de douane ou de gestion lors de l\u2019exp\u00e9dition, doivent \u00eatre \u00e0 la charge du client retournant le MIR Media Player.<\/p>\n<\/div><\/div><\/div><\/div><\/div><div id=\"bookmeeting\" class=\"fusion-container-anchor\"><div class=\"fusion-fullwidth fullwidth-box fusion-builder-row-3 fusion-flex-container has-pattern-background has-mask-background nonhundred-percent-fullwidth non-hundred-percent-height-scrolling\" style=\"--awb-border-radius-top-left:0px;--awb-border-radius-top-right:0px;--awb-border-radius-bottom-right:0px;--awb-border-radius-bottom-left:0px;--awb-padding-top:4%;--awb-padding-bottom:4%;--awb-padding-right-medium:24px;--awb-padding-left-medium:24px;--awb-background-color:var(--awb-color5);--awb-flex-wrap:wrap;\" ><div class=\"fusion-builder-row fusion-row fusion-flex-align-items-center fusion-flex-justify-content-center fusion-flex-content-wrap\" style=\"max-width:1372.8px;margin-left: calc(-4% \/ 2 );margin-right: calc(-4% \/ 2 );\"><div class=\"fusion-layout-column fusion_builder_column fusion-builder-column-8 fusion_builder_column_2_3 2_3 fusion-flex-column fusion-flex-align-self-center\" style=\"--awb-bg-size:cover;--awb-width-large:66.666666666667%;--awb-margin-top-large:20px;--awb-spacing-right-large:2.88%;--awb-margin-bottom-large:20px;--awb-spacing-left-large:12.96%;--awb-width-medium:66.666666666667%;--awb-order-medium:0;--awb-spacing-right-medium:7.2%;--awb-spacing-left-medium:10.08%;--awb-width-small:100%;--awb-order-small:0;--awb-spacing-right-small:1.92%;--awb-spacing-left-small:1.92%;\"><div class=\"fusion-column-wrapper fusion-column-has-shadow fusion-flex-justify-content-flex-start fusion-content-layout-column\"><div class=\"fusion-title title fusion-title-2 fusion-sep-none fusion-title-text fusion-title-size-two\" style=\"--awb-text-color:#ffffff;\"><h2 class=\"fusion-title-heading title-heading-left sm-text-align-center fusion-responsive-typography-calculated\" style=\"margin:0;--fontSize:40;line-height:1.14;\">Let\u2019s discuss your business needs<\/h2><\/div><\/div><\/div><div class=\"fusion-layout-column fusion_builder_column fusion-builder-column-9 fusion_builder_column_1_3 1_3 fusion-flex-column fusion-flex-align-self-center\" style=\"--awb-bg-size:cover;--awb-width-large:33.333333333333%;--awb-margin-top-large:20px;--awb-spacing-right-large:25.92%;--awb-margin-bottom-large:20px;--awb-spacing-left-large:5.76%;--awb-width-medium:33.333333333333%;--awb-order-medium:0;--awb-spacing-right-medium:14.4%;--awb-spacing-left-medium:20.16%;--awb-width-small:100%;--awb-order-small:0;--awb-spacing-right-small:1.92%;--awb-spacing-left-small:1.92%;\"><div class=\"fusion-column-wrapper fusion-column-has-shadow fusion-flex-justify-content-flex-start fusion-content-layout-column\"><div class=\"sm-text-align-center\" style=\"text-align:right;\"><a class=\"fusion-button button-flat fusion-button-default-size button-custom fusion-button-default button-1 fusion-button-default-span fusion-button-default-type fusion-has-button-gradient\" style=\"--button_accent_color:var(--awb-color1);--button_accent_hover_color:var(--awb-color1);--button_border_hover_color:var(--awb-color1);--button_border_width-top:2px;--button_border_width-right:2px;--button_border_width-bottom:2px;--button_border_width-left:2px;--button_gradient_top_color:var(--awb-color5);--button_gradient_bottom_color:var(--awb-color3);--button_gradient_top_color_hover:var(--awb-color5);--button_gradient_bottom_color_hover:var(--awb-color5);\" target=\"_self\" data-hover=\"text_slide_up\" href=\"#\" data-toggle=\"modal\" data-target=\".fusion-modal.bookmeeting\"><i class=\"fa-calendar-check fas button-icon-left\" aria-hidden=\"true\"><\/i><div class=\"awb-button-text-transition\"><span class=\"fusion-button-text\">R\u00e9servez une r\u00e9union<\/span><span class=\"fusion-button-text\">R\u00e9servez une r\u00e9union<\/span><\/div><\/a><\/div><div class=\"fusion-modal modal fade modal-1 bookmeeting\" tabindex=\"-1\" role=\"dialog\" aria-labelledby=\"modal-heading-1\" aria-hidden=\"true\" style=\"--awb-border-color:var(--awb-color1);--awb-background:var(--awb-color1);\"><div class=\"modal-dialog modal-lg\" role=\"document\"><div class=\"modal-content fusion-modal-content\"><div class=\"modal-header\"><button class=\"close\" type=\"button\" data-dismiss=\"modal\" aria-hidden=\"true\" aria-label=\"Close\">&times;<\/button><h3 class=\"modal-title\" id=\"modal-heading-1\" data-dismiss=\"modal\" aria-hidden=\"true\">Book an Online Meeting<\/h3><\/div><div class=\"modal-body fusion-clearfix\">\n<p><!-- Calendly inline widget begin --><\/p>\n<div class=\"calendly-inline-widget\" style=\"min-width: 320px; height: 1000px;\" data-url=\"https:\/\/calendly.com\/myinstoreradio?hide_gdpr_banner=1&amp;primary_color=ffa000\"><\/div>\n<p><script type=\"text\/javascript\" src=\"https:\/\/assets.calendly.com\/assets\/external\/widget.js\" async><\/script><br \/>\n<!-- Calendly inline widget end --><\/p>\n<\/div><\/div><\/div><\/div><\/div><\/div><\/div><\/div><\/div>\n<\/p>\n","protected":false},"excerpt":{"rendered":"","protected":false},"author":4,"featured_media":0,"parent":0,"menu_order":0,"comment_status":"closed","ping_status":"closed","template":"100-width.php","meta":{"_acf_changed":false,"footnotes":""},"acf":[],"_links":{"self":[{"href":"https:\/\/myinstoreradio.com\/fr\/wp-json\/wp\/v2\/pages\/11354"}],"collection":[{"href":"https:\/\/myinstoreradio.com\/fr\/wp-json\/wp\/v2\/pages"}],"about":[{"href":"https:\/\/myinstoreradio.com\/fr\/wp-json\/wp\/v2\/types\/page"}],"author":[{"embeddable":true,"href":"https:\/\/myinstoreradio.com\/fr\/wp-json\/wp\/v2\/users\/4"}],"replies":[{"embeddable":true,"href":"https:\/\/myinstoreradio.com\/fr\/wp-json\/wp\/v2\/comments?post=11354"}],"version-history":[{"count":4,"href":"https:\/\/myinstoreradio.com\/fr\/wp-json\/wp\/v2\/pages\/11354\/revisions"}],"predecessor-version":[{"id":15768,"href":"https:\/\/myinstoreradio.com\/fr\/wp-json\/wp\/v2\/pages\/11354\/revisions\/15768"}],"wp:attachment":[{"href":"https:\/\/myinstoreradio.com\/fr\/wp-json\/wp\/v2\/media?parent=11354"}],"curies":[{"name":"wp","href":"https:\/\/api.w.org\/{rel}","templated":true}]}}